{"id":487,"date":"2022-09-25T14:11:07","date_gmt":"2022-09-25T14:11:07","guid":{"rendered":"https:\/\/caligari.com.ar\/NuevaAnimacionHungara\/?page_id=487"},"modified":"2022-09-25T14:13:15","modified_gmt":"2022-09-25T14:13:15","slug":"sobre-el-ciclo","status":"publish","type":"page","link":"https:\/\/caligari.com.ar\/NuevaAnimacionHungara\/sobre-el-ciclo\/","title":{"rendered":"Sobre el ciclo"},"content":{"rendered":"\t\t<div data-elementor-type=\"wp-page\" data-elementor-id=\"487\" class=\"elementor elementor-487\">\n\t\t\t\t\t\t\t\t\t<section class=\"elementor-section elementor-top-section elementor-element elementor-element-53819610 elementor-section-full_width elementor-section-height-min-height elementor-section-items-stretch elementor-section-content-middle elementor-section-height-default\" data-id=\"53819610\" data-element_type=\"section\" data-settings=\"{&quot;background_background&quot;:&quot;classic&quot;}\">\n\t\t\t\t\t\t<div class=\"elementor-container elementor-column-gap-no\">\n\t\t\t\t\t<div class=\"elementor-column elementor-col-100 elementor-top-column elementor-element elementor-element-51e9d1af\" data-id=\"51e9d1af\" data-element_type=\"column\" data-settings=\"{&quot;background_background&quot;:&quot;classic&quot;}\">\n\t\t\t<div class=\"elementor-widget-wrap elementor-element-populated\">\n\t\t\t\t\t\t\t\t<section class=\"elementor-section elementor-inner-section elementor-element elementor-element-618cfb9 elementor-section-boxed elementor-section-height-default elementor-section-height-default\" data-id=\"618cfb9\" data-element_type=\"section\">\n\t\t\t\t\t\t<div class=\"elementor-container elementor-column-gap-no\">\n\t\t\t\t\t<div class=\"elementor-column elementor-col-100 elementor-inner-column elementor-element elementor-element-6d9755a1\" data-id=\"6d9755a1\" data-element_type=\"column\">\n\t\t\t<div class=\"elementor-widget-wrap elementor-element-populated\">\n\t\t\t\t\t\t\t\t<div class=\"elementor-element elementor-element-5b80109 elementor-widget elementor-widget-heading\" data-id=\"5b80109\" data-element_type=\"widget\" data-widget_type=\"heading.default\">\n\t\t\t\t<div class=\"elementor-widget-container\">\n\t\t\t<style>\/*! elementor - v3.7.4 - 31-08-2022 *\/\n.elementor-heading-title{padding:0;margin:0;line-height:1}.elementor-widget-heading .elementor-heading-title[class*=elementor-size-]>a{color:inherit;font-size:inherit;line-height:inherit}.elementor-widget-heading .elementor-heading-title.elementor-size-small{font-size:15px}.elementor-widget-heading .elementor-heading-title.elementor-size-medium{font-size:19px}.elementor-widget-heading .elementor-heading-title.elementor-size-large{font-size:29px}.elementor-widget-heading .elementor-heading-title.elementor-size-xl{font-size:39px}.elementor-widget-heading .elementor-heading-title.elementor-size-xxl{font-size:59px}<\/style><h2 class=\"elementor-heading-title elementor-size-default\">SOBRE EL CICLO<\/h2>\t\t<\/div>\n\t\t\t\t<\/div>\n\t\t\t\t<div class=\"elementor-element elementor-element-1d66ffe3 elementor-widget elementor-widget-heading\" data-id=\"1d66ffe3\" data-element_type=\"widget\" data-widget_type=\"heading.default\">\n\t\t\t\t<div class=\"elementor-widget-container\">\n\t\t\t<h2 class=\"elementor-heading-title elementor-size-default\">Viaje a Andr\u00f3meda \u2013 Del 13 al 30 de octubre -\n\nCasa Nacional del Bicentenario \u2013 CineClub Lucero \u2013 Solax.tv<\/h2>\t\t<\/div>\n\t\t\t\t<\/div>\n\t\t\t\t\t<\/div>\n\t\t<\/div>\n\t\t\t\t\t\t\t<\/div>\n\t\t<\/section>\n\t\t\t\t<div class=\"elementor-element elementor-element-501f32ba elementor-absolute elementor-widget elementor-widget-heading\" data-id=\"501f32ba\" data-element_type=\"widget\" data-settings=\"{&quot;_position&quot;:&quot;absolute&quot;}\" data-widget_type=\"heading.default\">\n\t\t\t\t<div class=\"elementor-widget-container\">\n\t\t\t<span class=\"elementor-heading-title elementor-size-default\">NUEVA ANIMACI\u00d3N H\u00daNGARA<\/span>\t\t<\/div>\n\t\t\t\t<\/div>\n\t\t\t\t\t<\/div>\n\t\t<\/div>\n\t\t\t\t\t\t\t<\/div>\n\t\t<\/section>\n\t\t\t\t<section class=\"elementor-section elementor-top-section elementor-element elementor-element-50b80fe9 elementor-section-full_width elementor-section-height-default elementor-section-height-default\" data-id=\"50b80fe9\" data-element_type=\"section\" data-settings=\"{&quot;background_background&quot;:&quot;classic&quot;}\">\n\t\t\t\t\t\t<div class=\"elementor-container elementor-column-gap-no\">\n\t\t\t\t\t<div class=\"elementor-column elementor-col-100 elementor-top-column elementor-element elementor-element-b6298f2\" data-id=\"b6298f2\" data-element_type=\"column\">\n\t\t\t<div class=\"elementor-widget-wrap\">\n\t\t\t\t\t\t\t\t\t<\/div>\n\t\t<\/div>\n\t\t\t\t\t\t\t<\/div>\n\t\t<\/section>\n\t\t\t\t<section class=\"elementor-section elementor-top-section elementor-element elementor-element-6adbdbb elementor-section-boxed elementor-section-height-default elementor-section-height-default\" data-id=\"6adbdbb\" data-element_type=\"section\" data-settings=\"{&quot;background_background&quot;:&quot;classic&quot;}\">\n\t\t\t\t\t\t<div class=\"elementor-container elementor-column-gap-default\">\n\t\t\t\t\t<div class=\"elementor-column elementor-col-100 elementor-top-column elementor-element elementor-element-a2d763d\" data-id=\"a2d763d\" data-element_type=\"column\">\n\t\t\t<div class=\"elementor-widget-wrap elementor-element-populated\">\n\t\t\t\t\t\t\t\t<div class=\"elementor-element elementor-element-73b1baa elementor-widget elementor-widget-text-editor\" data-id=\"73b1baa\" data-element_type=\"widget\" data-widget_type=\"text-editor.default\">\n\t\t\t\t<div class=\"elementor-widget-container\">\n\t\t\t<style>\/*! elementor - v3.7.4 - 31-08-2022 *\/\n.elementor-widget-text-editor.elementor-drop-cap-view-stacked .elementor-drop-cap{background-color:#818a91;color:#fff}.elementor-widget-text-editor.elementor-drop-cap-view-framed .elementor-drop-cap{color:#818a91;border:3px solid;background-color:transparent}.elementor-widget-text-editor:not(.elementor-drop-cap-view-default) .elementor-drop-cap{margin-top:8px}.elementor-widget-text-editor:not(.elementor-drop-cap-view-default) .elementor-drop-cap-letter{width:1em;height:1em}.elementor-widget-text-editor .elementor-drop-cap{float:left;text-align:center;line-height:1;font-size:50px}.elementor-widget-text-editor .elementor-drop-cap-letter{display:inline-block}<\/style>\t\t\t\t<p><span style=\"font-weight: 400;\">El ciclo de cortos de directoras de animaci\u00f3n h\u00fangaras se realizar\u00e1 los d\u00edas 13 y 22 de octubre, a las 19:30, en la <\/span><b>Casa Nacional del Bicentenario<\/b><span style=\"font-weight: 400;\">, el 19 de octubre, a las 19:30, en <\/span><b>Cine Club Lucero<\/b><span style=\"font-weight: 400;\">, y en formato online del 23 al 30 de octubre en <\/span><b>solax.tv<\/b><span style=\"font-weight: 400;\">, con entrada gratuita para todas las proyecciones. El evento est\u00e1 organizado por <\/span><b>Revista Caligari<\/b><span style=\"font-weight: 400;\"> (con la curadur\u00eda de Bel\u00e9n Ruiz Jelenic y Mauro Lukasievicz), por <\/span><b>Kino Palais<\/b><span style=\"font-weight: 400;\"> y con el apoyo de la <\/span><b>Embajada de Hungr\u00eda en Buenos Aires.\u00a0<\/b><\/p><p><span style=\"font-weight: 400;\">El programa propone visibilizar al nuevo cine de animaci\u00f3n h\u00fangaro desde la mirada de cinco directoras poderosas, disruptivas y aut\u00e9nticas: <\/span><b>R\u00e9ka Bucsi, Flora Anna Buda, Katalin Egely, \u00c1gnes Gy\u0151rfi y Luca Toth. <\/b><span style=\"font-weight: 400;\">Los cortometrajes seleccionados dialogan sobre las maneras de habitar el mundo; la forma de vincularnos con los dem\u00e1s y con nuestra propia identidad; la interacci\u00f3n que se establece entre animales y humanos; el respeto a la tierra y el cuidado al planeta, entre otros temas. El t\u00edtulo del ciclo hace referencia a una constelaci\u00f3n boreal, ubicada en el hemisferio norte, que toma su nombre de la diosa griega Andr\u00f3meda.\u00a0<\/span><\/p><p><span style=\"font-weight: 400;\">Adem\u00e1s, como parte de las actividades del ciclo se llevar\u00e1 a cabo una charla virtual de intercambio entre Katalin Egely (Directora de animaci\u00f3n h\u00fangara) y Florentina Gonz\u00e1lez (Directora de animaci\u00f3n argentina) para reflexionar sobre el nuevo cine de animaci\u00f3n y los diferentes procesos creativos y de realizaci\u00f3n. <\/span><\/p>\t\t\t\t\t\t<\/div>\n\t\t\t\t<\/div>\n\t\t\t\t\t<\/div>\n\t\t<\/div>\n\t\t\t\t\t\t\t<\/div>\n\t\t<\/section>\n\t\t\t\t\t\t\t<\/div>\n\t\t","protected":false},"excerpt":{"rendered":"<p>SOBRE EL CICLO Viaje a Andr\u00f3meda \u2013 Del 13 al 30 de octubre &#8211; Casa Nacional del Bicentenario \u2013 CineClub Lucero \u2013 Solax.tv NUEVA ANIMACI\u00d3N H\u00daNGARA El ciclo de cortos de directoras de animaci\u00f3n h\u00fangaras se realizar\u00e1 los d\u00edas 13 y 22 de octubre, a las 19:30, en la Casa Nacional del Bicentenario, el 19 [&hellip;]<\/p>\n","protected":false},"author":1,"featured_media":0,"parent":0,"menu_order":0,"comment_status":"closed","ping_status":"closed","template":"","meta":{"footnotes":""},"class_list":["post-487","page","type-page","status-publish","hentry"],"_links":{"self":[{"href":"https:\/\/caligari.com.ar\/NuevaAnimacionHungara\/wp-json\/wp\/v2\/pages\/487","targetHints":{"allow":["GET"]}}],"collection":[{"href":"https:\/\/caligari.com.ar\/NuevaAnimacionHungara\/wp-json\/wp\/v2\/pages"}],"about":[{"href":"https:\/\/caligari.com.ar\/NuevaAnimacionHungara\/wp-json\/wp\/v2\/types\/page"}],"author":[{"embeddable":true,"href":"https:\/\/caligari.com.ar\/NuevaAnimacionHungara\/wp-json\/wp\/v2\/users\/1"}],"replies":[{"embeddable":true,"href":"https:\/\/caligari.com.ar\/NuevaAnimacionHungara\/wp-json\/wp\/v2\/comments?post=487"}],"version-history":[{"count":7,"href":"https:\/\/caligari.com.ar\/NuevaAnimacionHungara\/wp-json\/wp\/v2\/pages\/487\/revisions"}],"predecessor-version":[{"id":494,"href":"https:\/\/caligari.com.ar\/NuevaAnimacionHungara\/wp-json\/wp\/v2\/pages\/487\/revisions\/494"}],"wp:attachment":[{"href":"https:\/\/caligari.com.ar\/NuevaAnimacionHungara\/wp-json\/wp\/v2\/media?parent=487"}],"curies":[{"name":"wp","href":"https:\/\/api.w.org\/{rel}","templated":true}]}}